{"id":1486,"date":"2022-03-31T08:11:42","date_gmt":"2022-03-31T06:11:42","guid":{"rendered":"https:\/\/isosin.de\/?page_id=1486"},"modified":"2024-12-11T14:14:56","modified_gmt":"2024-12-11T13:14:56","slug":"kontakt","status":"publish","type":"page","link":"https:\/\/isosin.de\/en\/kontakt\/","title":{"rendered":"Contact"},"content":{"rendered":"\t\t<div data-elementor-type=\"wp-page\" data-elementor-id=\"1486\" class=\"elementor elementor-1486\" data-elementor-post-type=\"page\">\n\t\t\t\t\t\t<section class=\"elementor-section elementor-top-section elementor-element elementor-element-bedc2d6 elementor-section-stretched elementor-section-boxed elementor-section-height-default elementor-section-height-default\" data-id=\"bedc2d6\" data-element_type=\"section\" data-e-type=\"section\" data-settings=\"{&quot;stretch_section&quot;:&quot;section-stretched&quot;,&quot;background_background&quot;:&quot;classic&quot;}\">\n\t\t\t\t\t\t\t<div class=\"elementor-background-overlay\"><\/div>\n\t\t\t\t\t\t\t<div class=\"elementor-container elementor-column-gap-default\">\n\t\t\t\t\t<div class=\"elementor-column elementor-col-100 elementor-top-column elementor-element elementor-element-8f9b03d\" data-id=\"8f9b03d\" data-element_type=\"column\" data-e-type=\"column\">\n\t\t\t<div class=\"elementor-widget-wrap elementor-element-populated\">\n\t\t\t\t\t\t<div class=\"elementor-element elementor-element-19f59b0 elementor-widget-divider--view-line_text elementor-widget-divider--element-align-center elementor-widget elementor-widget-divider\" data-id=\"19f59b0\" data-element_type=\"widget\" data-e-type=\"widget\" data-widget_type=\"divider.default\">\n\t\t\t\t<div class=\"elementor-widget-container\">\n\t\t\t\t\t\t\t<div class=\"elementor-divider\">\n\t\t\t<span class=\"elementor-divider-separator\">\n\t\t\t\t\t\t\t<span class=\"elementor-divider__text elementor-divider__element\">\n\t\t\t\tUNVERBINDLICHE BERATUNG ANFORDERN\t\t\t\t<\/span>\n\t\t\t\t\t\t<\/span>\n\t\t<\/div>\n\t\t\t\t\t\t<\/div>\n\t\t\t\t<\/div>\n\t\t\t\t<div class=\"elementor-element elementor-element-4e01675 elementor-widget elementor-widget-heading\" data-id=\"4e01675\" data-element_type=\"widget\" data-e-type=\"widget\" data-widget_type=\"heading.default\">\n\t\t\t\t<div class=\"elementor-widget-container\">\n\t\t\t\t\t<div class=\"elementor-heading-title elementor-size-default\">Nehmen Sie jetzt <b>Kontakt mit uns auf!<\/b><\/div>\t\t\t\t<\/div>\n\t\t\t\t<\/div>\n\t\t\t\t<div class=\"elementor-element elementor-element-01398a2 elementor-widget elementor-widget-text-editor\" data-id=\"01398a2\" data-element_type=\"widget\" data-e-type=\"widget\" data-widget_type=\"text-editor.default\">\n\t\t\t\t<div class=\"elementor-widget-container\">\n\t\t\t\t\t\t\t\t\t<p>Sch\u00f6n, dass Sie sich dazu entschieden haben, uns zu schreiben. Im Formular k\u00f6nnen Sie uns Ihre Kontaktdaten hinterlassen und Ihr Anliegen kurz beschreiben. Wir melden uns schnellstm\u00f6glich bei Ihnen!<\/p><p>\u00dcbrigens: Wir bieten auch Finanzierungen Ihrer K\u00fchlsysteme an!<\/p>\t\t\t\t\t\t\t\t<\/div>\n\t\t\t\t<\/div>\n\t\t\t\t<section class=\"elementor-section elementor-inner-section elementor-element elementor-element-209a860 elementor-reverse-mobile elementor-section-boxed elementor-section-height-default elementor-section-height-default\" data-id=\"209a860\" data-element_type=\"section\" data-e-type=\"section\">\n\t\t\t\t\t\t<div class=\"elementor-container elementor-column-gap-default\">\n\t\t\t\t\t<div class=\"elementor-column elementor-col-50 elementor-inner-column elementor-element elementor-element-277ed6d\" data-id=\"277ed6d\" data-element_type=\"column\" data-e-type=\"column\">\n\t\t\t<div class=\"elementor-widget-wrap elementor-element-populated\">\n\t\t\t\t\t\t<div class=\"elementor-element elementor-element-b0cb7bb elementor-position-inline-start elementor-view-default elementor-mobile-position-block-start elementor-invisible elementor-widget elementor-widget-icon-box\" data-id=\"b0cb7bb\" data-element_type=\"widget\" data-e-type=\"widget\" data-settings=\"{&quot;_animation&quot;:&quot;fadeInLeft&quot;}\" data-widget_type=\"icon-box.default\">\n\t\t\t\t<div class=\"elementor-widget-container\">\n\t\t\t\t\t\t\t<div class=\"elementor-icon-box-wrapper\">\n\n\t\t\t\t\t\t<div class=\"elementor-icon-box-icon\">\n\t\t\t\t<span  class=\"elementor-icon\">\n\t\t\t\t<i aria-hidden=\"true\" class=\"fas fa-search-location\"><\/i>\t\t\t\t<\/span>\n\t\t\t<\/div>\n\t\t\t\n\t\t\t\t\t\t<div class=\"elementor-icon-box-content\">\n\n\t\t\t\t\t\t\t\t\t<h3 class=\"elementor-icon-box-title\">\n\t\t\t\t\t\t<span  >\n\t\t\t\t\t\t\tUnsere Firmenanschrift\t\t\t\t\t\t<\/span>\n\t\t\t\t\t<\/h3>\n\t\t\t\t\n\t\t\t\t\t\t\t\t\t<p class=\"elementor-icon-box-description\">\n\t\t\t\t\t\tISOSIN K\u00fchlsysteme<br>\nAlleestr. 4<br>\n46049 Oberhausen<br>\t\t\t\t\t<\/p>\n\t\t\t\t\n\t\t\t<\/div>\n\t\t\t\n\t\t<\/div>\n\t\t\t\t\t\t<\/div>\n\t\t\t\t<\/div>\n\t\t\t\t<div class=\"elementor-element elementor-element-eb3de95 elementor-position-inline-start elementor-view-default elementor-mobile-position-block-start elementor-invisible elementor-widget elementor-widget-icon-box\" data-id=\"eb3de95\" data-element_type=\"widget\" data-e-type=\"widget\" data-settings=\"{&quot;_animation&quot;:&quot;fadeInLeft&quot;,&quot;_animation_delay&quot;:500}\" data-widget_type=\"icon-box.default\">\n\t\t\t\t<div class=\"elementor-widget-container\">\n\t\t\t\t\t\t\t<div class=\"elementor-icon-box-wrapper\">\n\n\t\t\t\t\t\t<div class=\"elementor-icon-box-icon\">\n\t\t\t\t<span  class=\"elementor-icon\">\n\t\t\t\t<i aria-hidden=\"true\" class=\"fas fa-phone-alt\"><\/i>\t\t\t\t<\/span>\n\t\t\t<\/div>\n\t\t\t\n\t\t\t\t\t\t<div class=\"elementor-icon-box-content\">\n\n\t\t\t\t\t\t\t\t\t<h3 class=\"elementor-icon-box-title\">\n\t\t\t\t\t\t<span  >\n\t\t\t\t\t\t\tUnsere Kontaktdaten\t\t\t\t\t\t<\/span>\n\t\t\t\t\t<\/h3>\n\t\t\t\t\n\t\t\t\t\t\t\t\t\t<p class=\"elementor-icon-box-description\">\n\t\t\t\t\t\t<b>\u2706<\/b> <a href=\"tel:020846711826\">0208 46711826<\/a><br>\n<b>Mobil:<\/b> <a href=\"tel:01574647096\">01577 4647096<\/a><br>\n<b>Mobil 2:<\/b> <a href=\"tel:015773409970\">01577 3409970<\/a><br>\n<b>\u2709<\/b> info@isosin.de<br>\t\t\t\t\t<\/p>\n\t\t\t\t\n\t\t\t<\/div>\n\t\t\t\n\t\t<\/div>\n\t\t\t\t\t\t<\/div>\n\t\t\t\t<\/div>\n\t\t\t\t\t<\/div>\n\t\t<\/div>\n\t\t\t\t<div class=\"elementor-column elementor-col-50 elementor-inner-column elementor-element elementor-element-b5395f6\" data-id=\"b5395f6\" data-element_type=\"column\" data-e-type=\"column\">\n\t\t\t<div class=\"elementor-widget-wrap elementor-element-populated\">\n\t\t\t\t\t\t<div class=\"elementor-element elementor-element-80025f1 elementor-widget elementor-widget-text-editor\" data-id=\"80025f1\" data-element_type=\"widget\" data-e-type=\"widget\" data-widget_type=\"text-editor.default\">\n\t\t\t\t<div class=\"elementor-widget-container\">\n\t\t\t\t\t\t\t\t\t<p><div class=\"wpforms-container wpforms-container-full\" id=\"wpforms-143\"><form id=\"wpforms-form-143\" class=\"wpforms-validate wpforms-form\" data-formid=\"143\" method=\"post\" enctype=\"multipart\/form-data\" action=\"\/en\/wp-json\/wp\/v2\/pages\/1486\" data-token=\"55b2be23f26304f933f0b0d2d1ce71f7\" data-token-time=\"1777417480\"><noscript class=\"wpforms-error-noscript\">Please enable JavaScript in your browser to complete this form.<\/noscript><div class=\"wpforms-field-container\"><div id=\"wpforms-143-field_6-container\" class=\"wpforms-field wpforms-field-select wpforms-field-select-style-classic\" data-field-id=\"6\"><label class=\"wpforms-field-label wpforms-label-hide\" for=\"wpforms-143-field_6\">Leistungswunsch<\/label><select id=\"wpforms-143-field_6\" class=\"wpforms-field-large\" name=\"wpforms[fields][6]\"><option value=\"Reparatur\"  class=\"choice-1 depth-1\"  >Reparatur<\/option><option value=\"Wartung\"  class=\"choice-4 depth-1\"  >Wartung<\/option><option value=\"Allgemeine Beratung\"  class=\"choice-7 depth-1\"  >Allgemeine Beratung<\/option><option value=\"Tiefk\u00fchlzellen Planung &amp; Montage\"  class=\"choice-2 depth-1\"  >Tiefk\u00fchlzellen Planung &amp; Montage<\/option><option value=\"K\u00fchlzellen Planung &amp; Montage\"  class=\"choice-6 depth-1\"  >K\u00fchlzellen Planung &amp; Montage<\/option><option value=\"K\u00fchlhaus Planung &amp; Montage\"  class=\"choice-3 depth-1\"  >K\u00fchlhaus Planung &amp; Montage<\/option><option value=\"K\u00fchllager Planung &amp; Montage\"  class=\"choice-5 depth-1\"  >K\u00fchllager Planung &amp; Montage<\/option><option value=\"Hallen- &amp; Ladenbau Planung &amp; Montage\"  class=\"choice-8 depth-1\"  >Hallen- &amp; Ladenbau Planung &amp; Montage<\/option><\/select><\/div><div id=\"wpforms-143-field_0-container\" class=\"wpforms-field wpforms-field-name\" data-field-id=\"0\"><label class=\"wpforms-field-label wpforms-label-hide\" for=\"wpforms-143-field_0\">Name <span class=\"wpforms-required-label\">*<\/span><\/label><div class=\"wpforms-field-row wpforms-field-large\"><div class=\"wpforms-field-row-block wpforms-first wpforms-one-half\"><input type=\"text\" id=\"wpforms-143-field_0\" class=\"wpforms-field-name-first wpforms-field-required\" name=\"wpforms[fields][0][first]\" placeholder=\"Vorname*\" required><label for=\"wpforms-143-field_0\" class=\"wpforms-field-sublabel after wpforms-sublabel-hide\">First<\/label><\/div><div class=\"wpforms-field-row-block wpforms-one-half\"><input type=\"text\" id=\"wpforms-143-field_0-last\" class=\"wpforms-field-name-last wpforms-field-required\" name=\"wpforms[fields][0][last]\" placeholder=\"Nachname*\" required><label for=\"wpforms-143-field_0-last\" class=\"wpforms-field-sublabel after wpforms-sublabel-hide\">Last<\/label><\/div><\/div><\/div><div id=\"wpforms-143-field_1-container\" class=\"wpforms-field wpforms-field-email\" data-field-id=\"1\"><label class=\"wpforms-field-label wpforms-label-hide\" for=\"wpforms-143-field_1\">E-Mail <span class=\"wpforms-required-label\">*<\/span><\/label><input type=\"email\" id=\"wpforms-143-field_1\" class=\"wpforms-field-large wpforms-field-required\" data-rule-restricted-email=\"1\" name=\"wpforms[fields][1]\" placeholder=\"Ihre E-Mail Adresse*\" spellcheck=\"false\" required><\/div>\t\t<div id=\"wpforms-143-field_2-container\"\n\t\t\tclass=\"wpforms-field wpforms-field-text\"\n\t\t\tdata-field-type=\"text\"\n\t\t\tdata-field-id=\"2\"\n\t\t\t>\n\t\t\t<label class=\"wpforms-field-label\" for=\"wpforms-143-field_2\" >Datenschutzbestimmungen E-Mail Textabsatz<\/label>\n\t\t\t<input type=\"text\" id=\"wpforms-143-field_2\" class=\"wpforms-field-medium\" name=\"wpforms[fields][2]\" >\n\t\t<\/div>\n\t\t<div id=\"wpforms-143-field_3-container\" class=\"wpforms-field wpforms-field-number\" data-field-id=\"3\"><label class=\"wpforms-field-label wpforms-label-hide\" for=\"wpforms-143-field_3\">Telefonnummer<\/label><input type=\"number\" id=\"wpforms-143-field_3\" class=\"wpforms-field-large\" name=\"wpforms[fields][3]\" placeholder=\"Ihre Rufnummer (optional)\" step=\"any\" ><\/div><div id=\"wpforms-143-field_4-container\" class=\"wpforms-field wpforms-field-textarea\" data-field-id=\"4\"><label class=\"wpforms-field-label wpforms-label-hide\" for=\"wpforms-143-field_4\">Textabsatz<\/label><textarea id=\"wpforms-143-field_4\" class=\"wpforms-field-large\" name=\"wpforms[fields][4]\" placeholder=\"Bitte beschreiben Sie kurz Ihr Anliegen. Problembeschreibung, Dienstleistungswunsch (erforderlich)\" ><\/textarea><\/div><div id=\"wpforms-143-field_5-container\" class=\"wpforms-field wpforms-field-checkbox\" data-field-id=\"5\"><label class=\"wpforms-field-label wpforms-label-hide\">Datenschutzbestimmungen <span class=\"wpforms-required-label\">*<\/span><\/label><ul id=\"wpforms-143-field_5\" class=\"wpforms-field-required\"><li class=\"choice-1 depth-1\"><input type=\"checkbox\" id=\"wpforms-143-field_5_1\" name=\"wpforms[fields][5][]\" value=\"Datenschutzbestimmungen akzeptieren. *\" required ><label class=\"wpforms-field-label-inline\" for=\"wpforms-143-field_5_1\">Datenschutzbestimmungen akzeptieren. *<\/label><\/li><\/ul><div class=\"wpforms-field-description\">Sie erkl\u00e4ren sich damit einverstanden, dass wir die von Ihnen eingegebenen Angaben dauerhaft speichern, um Ihr anliegen bearbeiten zu k\u00f6nnen. Sie k\u00f6nnen Ihrer Zustimmung zu jeder Zeit mit einer E-Mail an info@isosin.de widersprechen. Es gelten unsere <a href=\"https:\/\/isosin.de\/datenschutzerklaerung\/\">Datenschutzbestimmungen<\/a>. \r\n\r\n<br><strong>Mit Stern gekennzeichnete Felder* = Pflichtfelder.<\/strong><\/div><\/div><script>\n\t\t\t\t( function() {\n\t\t\t\t\tconst style = document.createElement( 'style' );\n\t\t\t\t\tstyle.appendChild( document.createTextNode( '#wpforms-143-field_2-container { position: absolute !important; overflow: hidden !important; display: inline !important; height: 1px !important; width: 1px !important; z-index: -1000 !important; padding: 0 !important; } #wpforms-143-field_2-container input { visibility: hidden; } #wpforms-conversational-form-page #wpforms-143-field_2-container label { counter-increment: none; }' ) );\n\t\t\t\t\tdocument.head.appendChild( style );\n\t\t\t\t\tdocument.currentScript?.remove();\n\t\t\t\t} )();\n\t\t\t<\/script><\/div><!-- .wpforms-field-container --><div class=\"wpforms-submit-container\" ><input type=\"hidden\" name=\"wpforms[id]\" value=\"143\"><input type=\"hidden\" name=\"page_title\" value=\"\"><input type=\"hidden\" name=\"page_url\" value=\"https:\/\/isosin.de\/en\/wp-json\/wp\/v2\/pages\/1486\"><input type=\"hidden\" name=\"url_referer\" value=\"\"><button type=\"submit\" name=\"wpforms[submit]\" id=\"wpforms-submit-143\" class=\"wpforms-submit buttonwp\" data-alt-text=\"Senden...\" data-submit-text=\"ANFRAGE ABSENDEN\" aria-live=\"assertive\" value=\"wpforms-submit\">ANFRAGE ABSENDEN<\/button><\/div><\/form><\/div>  <!-- .wpforms-container --><\/p>\t\t\t\t\t\t\t\t<\/div>\n\t\t\t\t<\/div>\n\t\t\t\t\t<\/div>\n\t\t<\/div>\n\t\t\t\t\t<\/div>\n\t\t<\/section>\n\t\t\t\t<section class=\"elementor-section elementor-inner-section elementor-element elementor-element-1e9fe8f elementor-section-boxed elementor-section-height-default elementor-section-height-default\" data-id=\"1e9fe8f\" data-element_type=\"section\" data-e-type=\"section\">\n\t\t\t\t\t\t<div class=\"elementor-container elementor-column-gap-default\">\n\t\t\t\t\t<div class=\"elementor-column elementor-col-33 elementor-inner-column elementor-element elementor-element-f6af928\" data-id=\"f6af928\" data-element_type=\"column\" data-e-type=\"column\">\n\t\t\t<div class=\"elementor-widget-wrap elementor-element-populated\">\n\t\t\t\t\t\t<div class=\"elementor-element elementor-element-24ec165 elementor-position-inline-start elementor-view-default elementor-mobile-position-block-start elementor-widget elementor-widget-icon-box\" data-id=\"24ec165\" data-element_type=\"widget\" data-e-type=\"widget\" data-widget_type=\"icon-box.default\">\n\t\t\t\t<div class=\"elementor-widget-container\">\n\t\t\t\t\t\t\t<div class=\"elementor-icon-box-wrapper\">\n\n\t\t\t\t\t\t<div class=\"elementor-icon-box-icon\">\n\t\t\t\t<span  class=\"elementor-icon elementor-animation-grow\">\n\t\t\t\t<i aria-hidden=\"true\" class=\"fas fa-dice-d20\"><\/i>\t\t\t\t<\/span>\n\t\t\t<\/div>\n\t\t\t\n\t\t\t\t\t\t<div class=\"elementor-icon-box-content\">\n\n\t\t\t\t\t\t\t\t\t<h3 class=\"elementor-icon-box-title\">\n\t\t\t\t\t\t<span  >\n\t\t\t\t\t\t\tUnser Qualit\u00e4tsversprechen\t\t\t\t\t\t<\/span>\n\t\t\t\t\t<\/h3>\n\t\t\t\t\n\t\t\t\t\t\t\t\t\t<p class=\"elementor-icon-box-description\">\n\t\t\t\t\t\tWir verarbeiten ausschlie\u00dflich hochwertige und verschlei\u00dfarme Materialien mit h\u00f6chster Lebensdauer.\t\t\t\t\t<\/p>\n\t\t\t\t\n\t\t\t<\/div>\n\t\t\t\n\t\t<\/div>\n\t\t\t\t\t\t<\/div>\n\t\t\t\t<\/div>\n\t\t\t\t\t<\/div>\n\t\t<\/div>\n\t\t\t\t<div class=\"elementor-column elementor-col-33 elementor-inner-column elementor-element elementor-element-461deca\" data-id=\"461deca\" data-element_type=\"column\" data-e-type=\"column\">\n\t\t\t<div class=\"elementor-widget-wrap elementor-element-populated\">\n\t\t\t\t\t\t<div class=\"elementor-element elementor-element-e198063 elementor-position-inline-start elementor-view-default elementor-mobile-position-block-start elementor-widget elementor-widget-icon-box\" data-id=\"e198063\" data-element_type=\"widget\" data-e-type=\"widget\" data-widget_type=\"icon-box.default\">\n\t\t\t\t<div class=\"elementor-widget-container\">\n\t\t\t\t\t\t\t<div class=\"elementor-icon-box-wrapper\">\n\n\t\t\t\t\t\t<div class=\"elementor-icon-box-icon\">\n\t\t\t\t<span  class=\"elementor-icon elementor-animation-grow\">\n\t\t\t\t<i aria-hidden=\"true\" class=\"fas fa-dice-d20\"><\/i>\t\t\t\t<\/span>\n\t\t\t<\/div>\n\t\t\t\n\t\t\t\t\t\t<div class=\"elementor-icon-box-content\">\n\n\t\t\t\t\t\t\t\t\t<h3 class=\"elementor-icon-box-title\">\n\t\t\t\t\t\t<span  >\n\t\t\t\t\t\t\tAlles aus einer Hand\t\t\t\t\t\t<\/span>\n\t\t\t\t\t<\/h3>\n\t\t\t\t\n\t\t\t\t\t\t\t\t\t<p class=\"elementor-icon-box-description\">\n\t\t\t\t\t\tBei uns Sie alles aus einer Hand. Von einer intensiven Beratung, bis zur Planung und der Montage.\t\t\t\t\t<\/p>\n\t\t\t\t\n\t\t\t<\/div>\n\t\t\t\n\t\t<\/div>\n\t\t\t\t\t\t<\/div>\n\t\t\t\t<\/div>\n\t\t\t\t\t<\/div>\n\t\t<\/div>\n\t\t\t\t<div class=\"elementor-column elementor-col-33 elementor-inner-column elementor-element elementor-element-071fd60\" data-id=\"071fd60\" data-element_type=\"column\" data-e-type=\"column\">\n\t\t\t<div class=\"elementor-widget-wrap elementor-element-populated\">\n\t\t\t\t\t\t<div class=\"elementor-element elementor-element-da19d2a elementor-position-inline-start elementor-view-default elementor-mobile-position-block-start elementor-widget elementor-widget-icon-box\" data-id=\"da19d2a\" data-element_type=\"widget\" data-e-type=\"widget\" data-widget_type=\"icon-box.default\">\n\t\t\t\t<div class=\"elementor-widget-container\">\n\t\t\t\t\t\t\t<div class=\"elementor-icon-box-wrapper\">\n\n\t\t\t\t\t\t<div class=\"elementor-icon-box-icon\">\n\t\t\t\t<span  class=\"elementor-icon elementor-animation-grow\">\n\t\t\t\t<i aria-hidden=\"true\" class=\"fas fa-dice-d20\"><\/i>\t\t\t\t<\/span>\n\t\t\t<\/div>\n\t\t\t\n\t\t\t\t\t\t<div class=\"elementor-icon-box-content\">\n\n\t\t\t\t\t\t\t\t\t<h3 class=\"elementor-icon-box-title\">\n\t\t\t\t\t\t<span  >\n\t\t\t\t\t\t\tIn allen Gr\u00f6\u00dfen\t\t\t\t\t\t<\/span>\n\t\t\t\t\t<\/h3>\n\t\t\t\t\n\t\t\t\t\t\t\t\t\t<p class=\"elementor-icon-box-description\">\n\t\t\t\t\t\tWir sind Ihr passender Partner in allen F\u00e4llen. Egal ob Neubau, Umbau oder Reparaturen in jeder Gr\u00f6\u00dfenordnung. \t\t\t\t\t<\/p>\n\t\t\t\t\n\t\t\t<\/div>\n\t\t\t\n\t\t<\/div>\n\t\t\t\t\t\t<\/div>\n\t\t\t\t<\/div>\n\t\t\t\t<div class=\"elementor-element elementor-element-ea7bafd elementor-widget__width-initial elementor-fixed animated-fast elementor-invisible elementor-widget elementor-widget-button\" data-id=\"ea7bafd\" data-element_type=\"widget\" data-e-type=\"widget\" data-settings=\"{&quot;_position&quot;:&quot;fixed&quot;,&quot;_animation&quot;:&quot;fadeInRight&quot;}\" data-widget_type=\"button.default\">\n\t\t\t\t<div class=\"elementor-widget-container\">\n\t\t\t\t\t\t\t\t\t<div class=\"elementor-button-wrapper\">\n\t\t\t\t\t<a class=\"elementor-button elementor-button-link elementor-size-sm\" href=\"https:\/\/api.whatsapp.com\/send?phone=4915774647096&#038;text=Hallo%20mein%20Name%20ist%20...\" target=\"_blank\" rel=\"nofollow\">\n\t\t\t\t\t\t<span class=\"elementor-button-content-wrapper\">\n\t\t\t\t\t\t<span class=\"elementor-button-icon\">\n\t\t\t\t<i aria-hidden=\"true\" class=\"fab fa-whatsapp\"><\/i>\t\t\t<\/span>\n\t\t\t\t\t\t\t\t<\/span>\n\t\t\t\t\t<\/a>\n\t\t\t\t<\/div>\n\t\t\t\t\t\t\t\t<\/div>\n\t\t\t\t<\/div>\n\t\t\t\t\t<\/div>\n\t\t<\/div>\n\t\t\t\t\t<\/div>\n\t\t<\/section>\n\t\t\t\t\t<\/div>\n\t\t<\/div>\n\t\t\t\t\t<\/div>\n\t\t<\/section>\n\t\t\t\t<\/div>\n\t\t","protected":false},"excerpt":{"rendered":"<p>UNVERBINDLICHE BERATUNG ANFORDERN Nehmen Sie jetzt Kontakt mit uns auf! Sch\u00f6n, dass Sie sich dazu entschieden haben, uns zu schreiben. Im Formular k\u00f6nnen Sie uns Ihre Kontaktdaten hinterlassen und Ihr Anliegen kurz beschreiben. Wir melden uns schnellstm\u00f6glich bei Ihnen! \u00dcbrigens: Wir bieten auch Finanzierungen Ihrer K\u00fchlsysteme an! Unsere Firmenanschrift ISOSIN K\u00fchlsysteme Alleestr. 4 46049 Oberhausen &#8230; <a title=\"Contact\" class=\"read-more\" href=\"https:\/\/isosin.de\/en\/kontakt\/\" aria-label=\"Read more about Kontakt\">Read more<\/a><\/p>","protected":false},"author":1,"featured_media":0,"parent":0,"menu_order":0,"comment_status":"closed","ping_status":"closed","template":"elementor_header_footer","meta":{"footnotes":""},"class_list":["post-1486","page","type-page","status-publish"],"yoast_head":"<!-- This site is optimized with the Yoast SEO plugin v27.5 - https:\/\/yoast.com\/product\/yoast-seo-wordpress\/ -->\n<title>Kontakt - ISOSIN<\/title>\n<meta name=\"robots\" content=\"index, follow, max-snippet:-1, max-image-preview:large, max-video-preview:-1\" \/>\n<link rel=\"canonical\" href=\"https:\/\/isosin.de\/en\/kontakt\/\" \/>\n<meta property=\"og:locale\" content=\"en_GB\" \/>\n<meta property=\"og:type\" content=\"article\" \/>\n<meta property=\"og:title\" content=\"Kontakt - ISOSIN\" \/>\n<meta property=\"og:description\" content=\"UNVERBINDLICHE BERATUNG ANFORDERN Nehmen Sie jetzt Kontakt mit uns auf! Sch\u00f6n, dass Sie sich dazu entschieden haben, uns zu schreiben. Im Formular k\u00f6nnen Sie uns Ihre Kontaktdaten hinterlassen und Ihr Anliegen kurz beschreiben. Wir melden uns schnellstm\u00f6glich bei Ihnen! \u00dcbrigens: Wir bieten auch Finanzierungen Ihrer K\u00fchlsysteme an! Unsere Firmenanschrift ISOSIN K\u00fchlsysteme Alleestr. 4 46049 Oberhausen ... Read more\" \/>\n<meta property=\"og:url\" content=\"https:\/\/isosin.de\/en\/kontakt\/\" \/>\n<meta property=\"og:site_name\" content=\"ISOSIN\" \/>\n<meta property=\"article:modified_time\" content=\"2024-12-11T13:14:56+00:00\" \/>\n<meta name=\"twitter:card\" content=\"summary_large_image\" \/>\n<meta name=\"twitter:label1\" content=\"Estimated reading time\" \/>\n\t<meta name=\"twitter:data1\" content=\"1 minute\" \/>\n<script type=\"application\/ld+json\" class=\"yoast-schema-graph\">{\"@context\":\"https:\\\/\\\/schema.org\",\"@graph\":[{\"@type\":\"WebPage\",\"@id\":\"https:\\\/\\\/isosin.de\\\/kontakt\\\/\",\"url\":\"https:\\\/\\\/isosin.de\\\/kontakt\\\/\",\"name\":\"Kontakt - ISOSIN\",\"isPartOf\":{\"@id\":\"https:\\\/\\\/isosin.de\\\/#website\"},\"datePublished\":\"2022-03-31T06:11:42+00:00\",\"dateModified\":\"2024-12-11T13:14:56+00:00\",\"breadcrumb\":{\"@id\":\"https:\\\/\\\/isosin.de\\\/kontakt\\\/#breadcrumb\"},\"inLanguage\":\"en-GB\",\"potentialAction\":[{\"@type\":\"ReadAction\",\"target\":[\"https:\\\/\\\/isosin.de\\\/kontakt\\\/\"]}]},{\"@type\":\"BreadcrumbList\",\"@id\":\"https:\\\/\\\/isosin.de\\\/kontakt\\\/#breadcrumb\",\"itemListElement\":[{\"@type\":\"ListItem\",\"position\":1,\"name\":\"Startseite\",\"item\":\"https:\\\/\\\/isosin.de\\\/\"},{\"@type\":\"ListItem\",\"position\":2,\"name\":\"Kontakt\"}]},{\"@type\":\"WebSite\",\"@id\":\"https:\\\/\\\/isosin.de\\\/#website\",\"url\":\"https:\\\/\\\/isosin.de\\\/\",\"name\":\"ISOSIN\",\"description\":\"\",\"publisher\":{\"@id\":\"https:\\\/\\\/isosin.de\\\/#organization\"},\"potentialAction\":[{\"@type\":\"SearchAction\",\"target\":{\"@type\":\"EntryPoint\",\"urlTemplate\":\"https:\\\/\\\/isosin.de\\\/?s={search_term_string}\"},\"query-input\":{\"@type\":\"PropertyValueSpecification\",\"valueRequired\":true,\"valueName\":\"search_term_string\"}}],\"inLanguage\":\"en-GB\"},{\"@type\":\"Organization\",\"@id\":\"https:\\\/\\\/isosin.de\\\/#organization\",\"name\":\"ISOSIN\",\"url\":\"https:\\\/\\\/isosin.de\\\/\",\"logo\":{\"@type\":\"ImageObject\",\"inLanguage\":\"en-GB\",\"@id\":\"https:\\\/\\\/isosin.de\\\/#\\\/schema\\\/logo\\\/image\\\/\",\"url\":\"https:\\\/\\\/isosin.de\\\/wp-content\\\/uploads\\\/2022\\\/03\\\/isosin-logo_1.webp\",\"contentUrl\":\"https:\\\/\\\/isosin.de\\\/wp-content\\\/uploads\\\/2022\\\/03\\\/isosin-logo_1.webp\",\"width\":368,\"height\":56,\"caption\":\"ISOSIN\"},\"image\":{\"@id\":\"https:\\\/\\\/isosin.de\\\/#\\\/schema\\\/logo\\\/image\\\/\"}}]}<\/script>\n<!-- \/ Yoast SEO plugin. -->","yoast_head_json":{"title":"Kontakt - ISOSIN","robots":{"index":"index","follow":"follow","max-snippet":"max-snippet:-1","max-image-preview":"max-image-preview:large","max-video-preview":"max-video-preview:-1"},"canonical":"https:\/\/isosin.de\/en\/kontakt\/","og_locale":"en_GB","og_type":"article","og_title":"Kontakt - ISOSIN","og_description":"UNVERBINDLICHE BERATUNG ANFORDERN Nehmen Sie jetzt Kontakt mit uns auf! Sch\u00f6n, dass Sie sich dazu entschieden haben, uns zu schreiben. Im Formular k\u00f6nnen Sie uns Ihre Kontaktdaten hinterlassen und Ihr Anliegen kurz beschreiben. Wir melden uns schnellstm\u00f6glich bei Ihnen! \u00dcbrigens: Wir bieten auch Finanzierungen Ihrer K\u00fchlsysteme an! Unsere Firmenanschrift ISOSIN K\u00fchlsysteme Alleestr. 4 46049 Oberhausen ... Read more","og_url":"https:\/\/isosin.de\/en\/kontakt\/","og_site_name":"ISOSIN","article_modified_time":"2024-12-11T13:14:56+00:00","twitter_card":"summary_large_image","twitter_misc":{"Estimated reading time":"1 minute"},"schema":{"@context":"https:\/\/schema.org","@graph":[{"@type":"WebPage","@id":"https:\/\/isosin.de\/kontakt\/","url":"https:\/\/isosin.de\/kontakt\/","name":"Kontakt - ISOSIN","isPartOf":{"@id":"https:\/\/isosin.de\/#website"},"datePublished":"2022-03-31T06:11:42+00:00","dateModified":"2024-12-11T13:14:56+00:00","breadcrumb":{"@id":"https:\/\/isosin.de\/kontakt\/#breadcrumb"},"inLanguage":"en-GB","potentialAction":[{"@type":"ReadAction","target":["https:\/\/isosin.de\/kontakt\/"]}]},{"@type":"BreadcrumbList","@id":"https:\/\/isosin.de\/kontakt\/#breadcrumb","itemListElement":[{"@type":"ListItem","position":1,"name":"Startseite","item":"https:\/\/isosin.de\/"},{"@type":"ListItem","position":2,"name":"Kontakt"}]},{"@type":"WebSite","@id":"https:\/\/isosin.de\/#website","url":"https:\/\/isosin.de\/","name":"ISOSIN","description":"","publisher":{"@id":"https:\/\/isosin.de\/#organization"},"potentialAction":[{"@type":"SearchAction","target":{"@type":"EntryPoint","urlTemplate":"https:\/\/isosin.de\/?s={search_term_string}"},"query-input":{"@type":"PropertyValueSpecification","valueRequired":true,"valueName":"search_term_string"}}],"inLanguage":"en-GB"},{"@type":"Organization","@id":"https:\/\/isosin.de\/#organization","name":"ISOSIN","url":"https:\/\/isosin.de\/","logo":{"@type":"ImageObject","inLanguage":"en-GB","@id":"https:\/\/isosin.de\/#\/schema\/logo\/image\/","url":"https:\/\/isosin.de\/wp-content\/uploads\/2022\/03\/isosin-logo_1.webp","contentUrl":"https:\/\/isosin.de\/wp-content\/uploads\/2022\/03\/isosin-logo_1.webp","width":368,"height":56,"caption":"ISOSIN"},"image":{"@id":"https:\/\/isosin.de\/#\/schema\/logo\/image\/"}}]}},"_links":{"self":[{"href":"https:\/\/isosin.de\/en\/wp-json\/wp\/v2\/pages\/1486","targetHints":{"allow":["GET"]}}],"collection":[{"href":"https:\/\/isosin.de\/en\/wp-json\/wp\/v2\/pages"}],"about":[{"href":"https:\/\/isosin.de\/en\/wp-json\/wp\/v2\/types\/page"}],"author":[{"embeddable":true,"href":"https:\/\/isosin.de\/en\/wp-json\/wp\/v2\/users\/1"}],"replies":[{"embeddable":true,"href":"https:\/\/isosin.de\/en\/wp-json\/wp\/v2\/comments?post=1486"}],"version-history":[{"count":30,"href":"https:\/\/isosin.de\/en\/wp-json\/wp\/v2\/pages\/1486\/revisions"}],"predecessor-version":[{"id":2817,"href":"https:\/\/isosin.de\/en\/wp-json\/wp\/v2\/pages\/1486\/revisions\/2817"}],"wp:attachment":[{"href":"https:\/\/isosin.de\/en\/wp-json\/wp\/v2\/media?parent=1486"}],"curies":[{"name":"wp","href":"https:\/\/api.w.org\/{rel}","templated":true}]}}