{"id":2193,"date":"2023-09-13T22:06:01","date_gmt":"2023-09-13T20:06:01","guid":{"rendered":"https:\/\/isosin.de\/?page_id=2193"},"modified":"2025-01-24T12:25:27","modified_gmt":"2025-01-24T11:25:27","slug":"agb","status":"publish","type":"page","link":"https:\/\/isosin.de\/en\/agb\/","title":{"rendered":"Allgemeine Gesch\u00e4ftsbedingungen"},"content":{"rendered":"<p>Allgemeine Gesch\u00e4ftsbedingungen (AGB) f\u00fcr ISOSIN GmbH<br \/>\nK\u00fchlhaus, Hallen &amp; Ladenbau<\/p>\n<p><strong>1 Allgemeines, Geltungsbereich<\/strong><\/p>\n<p>(1) Diese Allgemeinen Gesch\u00e4ftsbedingungen (im Folgenden \u201cAGB\u201d) gelten f\u00fcr alle Vertr\u00e4ge, Lieferungen und sonstigen Leistungen der Firma ISOSIN GmbH<br \/>\nK\u00fchlhaus Hallen &amp; Ladenbau\u201d oder \u201cwir\u201d) gegen\u00fcber ihren Kunden (im Folgenden \u201cKunde\u201d oder \u201cSie\u201d) im Zusammenhang mit dem Online-Shop Isosin.de. Abweichende oder erg\u00e4nzende AGB des Kunden werden nicht Vertragsbestandteil, es sei denn, wir haben ihrer Geltung ausdr\u00fccklich schriftlich zugestimmt.<\/p>\n<p>(2) Verbraucher im Sinne dieser AGB ist jede nat\u00fcrliche Person, die ein Rechtsgesch\u00e4ft zu Zwecken abschlie\u00dft, die \u00fcberwiegend weder ihrer gewerblichen noch ihrer selbst\u00e4ndigen beruflichen T\u00e4tigkeit zugerechnet werden k\u00f6nnen. Unternehmer ist jede nat\u00fcrliche oder juristische Person oder eine rechtsf\u00e4hige Personengesellschaft, die bei Abschluss eines Rechtsgesch\u00e4fts in Aus\u00fcbung ihrer gewerblichen oder selbst\u00e4ndigen beruflichen T\u00e4tigkeit handelt.<\/p>\n<p><strong>2 Vertragsschluss<\/strong><br \/>\n(2.1) Die Pr\u00e4sentation unserer Produkte im Online-Shop stellt kein rechtlich bindendes Angebot dar, sondern eine unverbindliche Aufforderung an den Kunden, bei uns Waren zu bestellen.<br \/>\n(2.2) Durch das Absenden einer Bestellung im Online-Shop gibt der Kunde ein verbindliches Angebot zum Abschluss eines Kaufvertrages ab. Wir k\u00f6nnen dieses Angebot innerhalb von f\u00fcnf Werktagen annehmen, indem sie dem Kunden eine schriftliche Auftragsbest\u00e4tigung oder<br \/>\neine Auftragsbest\u00e4tigung in Textform (z. B. E-Mail) \u00fcbermittelt, wobei insoweit der Zugang der Auftragsbest\u00e4tigung beim Kunden ma\u00dfgeblich ist.<br \/>\n(2.3) Die Bestellung erfolgt in den folgenden Schritten: (a) Auswahl der gew\u00fcnschten Ware (b) Best\u00e4tigen durch Anklicken der Schaltfl\u00e4che \u201cIn den Warenkorb\u201d (c) \u00dcberpr\u00fcfung der Angaben im Warenkorb (d) Bet\u00e4tigung der Schaltfl\u00e4che \u201cZur Kasse\u201d (e) Anmeldung im Online-Shop durch Eingabe der Anmeldeangaben (E-Mail-Adresse und Passwort) oder als Gast ohne Registrierung (f) Nochmalige \u00dcberpr\u00fcfung bzw. Berichtigung der eingegebenen Daten (g) Verbindliche Absendung der Bestellung durch Anklicken der Schaltfl\u00e4che \u201cJetzt kaufen\u201d (4) Die f\u00fcr den Vertragsschluss zur Verf\u00fcgung stehende Sprache ist Deutsch. 3 Zahlung, F\u00e4lligkeit, Zahlungsverzug<br \/>\n(3.1) Der Kunde kann die Zahlung per Vorkasse, PayPal, Kreditkarte oder Sofort\u00fcberweisung vornehmen.<br \/>\n(3.2) Der Kaufpreis ist sofort f\u00e4llig und ohne Abzug zahlbar, sofern nicht ausdr\u00fccklich etwas anderes vereinbart ist.<br \/>\n(3.3) Ger\u00e4t der Kunde in Zahlungsverzug, sind wir berechtigt, Verzugszinsen in gesetzlicher H\u00f6he zu verlangen. Die Geltendmachung weiterer Verzugssch\u00e4den bleibt vorbehalten.<\/p>\n<p><strong>4 Lieferung<\/strong><br \/>\n(4.1) Die Lieferung erfolgt innerhalb der beim Angebot angegebenen Lieferfrist an die vom Kunden angegebene Lieferadresse. Ist keine Lieferfrist angegeben, betr\u00e4gt die Lieferfrist grunds\u00e4tzlich ca. 7 Werktage nach Vertragsschluss.<br \/>\n(4.2) Sollte ein bestelltes Produkt nicht lieferbar sein, weil wir ohne eigenes Verschulden von ihren Lieferanten nicht beliefert werden, sind wir berechtigt, sich von der Verpflichtung zur Erf\u00fcllung des Vertrages zu l\u00f6sen. In diesem Fall werden wir den Kunden unverz\u00fcglich<br \/>\ninformieren und ihm gegebenenfalls die Lieferung eines vergleichbaren Produktes vorschlagen. Ist kein vergleichbares Produkt verf\u00fcgbar oder m\u00f6chte der Kunde keine Lieferung eines vergleichbaren Produktes, werden wir dem Kunden bereits erbrachte Gegenleistungen<br \/>\nunverz\u00fcglich erstatten.<br \/>\n(4.3) Die Gefahr des zuf\u00e4lligen Untergangs und der zuf\u00e4lligen Verschlechterung der Ware geht auf den Kunden \u00fcber, sobald wir die Ware an den Spediteur, den Frachtf\u00fchrer oder die sonst zur Ausf\u00fchrung der Versendung bestimmte Person oder Anstalt ausgeliefert haben. Dies gilt<br \/>\nauch, wenn wir die Versandkosten tragen.<br \/>\n(4.4) Wir sind zu Teillieferungen berechtigt, soweit dies f\u00fcr den Kunden zumutbar ist.<br \/>\n(4.5) Eigentumsvorbehalt Bis zur vollst\u00e4ndigen Bezahlung bleibt die gelieferte Ware im Eigentum der Firma ISOSIN GmbH K\u00fchlhaus, Hallen &amp; Ladenbau.<\/p>\n<p><strong>5 Gew\u00e4hrleistung<\/strong><br \/>\nDie Gew\u00e4hrleistung erfolgt nach den gesetzlichen Bestimmungen. 6 Haftungsbeschr\u00e4nkung<br \/>\n(6.1) F\u00fcr andere als durch Verletzung von Leben, K\u00f6rper und Gesundheit entstehende Sch\u00e4den haftet wir nur, soweit diese Sch\u00e4den auf vors\u00e4tzlichem oder grob fahrl\u00e4ssigem Handeln oder auf schuldhafter Verletzung einer wesentlichen Vertragspflicht durch uns oder<br \/>\nunseren Erf\u00fcllungsgehilfen beruhen. Eine dar\u00fcber hinausgehende Haftung auf Schadensersatz ist ausgeschlossen. Die Bestimmungen des Produkthaftungsgesetzes bleiben hiervon unber\u00fchrt.<br \/>\n(6.2) Nach dem jetzigen Stand der Technik kann die Datenkommunikation \u00fcber das Internet nicht fehlerfrei und\/oder jederzeit verf\u00fcgbar gew\u00e4hrleistet werden. Wir haften daher nicht f\u00fcr die jederzeitige Verf\u00fcgbarkeit<br \/>\n(6.3) Eine weitergehende Haftung von uns besteht nicht. Insbesondere besteht keine Haftung von uns f\u00fcr Sch\u00e4den, die nicht am Liefergegenstand selbst entstanden sind, sowie f\u00fcr entgangenen Gewinn oder sonstige Verm\u00f6genssch\u00e4den des Kunden.<\/p>\n<p><strong>6 Verpackungsmaterialien und Entsorgung<\/strong><br \/>\n(6.1) Der Kunde ist verpflichtet, Verpackungsmaterialien und sonstige \u00fcbriggebliebene Stoffe, die im Zusammenhang mit der Lieferung der Ware anfallen, auf eigene Kosten und in eigener Verantwortung ordnungsgem\u00e4\u00df zu entsorgen.<br \/>\n(6.2) Der Kunde hat die M\u00f6glichkeit, die Verpackungsmaterialien und weitere \u00fcbriggebliebene Stoffe bei einem \u00f6rtlichen Wertstoffhof zu entsorgen. Es liegt in der Verantwortung des Kunden, diese Materialien fachgerecht und umweltbewusst zu entsorgen und die geltenden<br \/>\nEntsorgungsbestimmungen und -vorschriften einzuhalten.<\/p>\n<p><strong>7 Datenschutz<\/strong><br \/>\n(7.1) Wir verarbeiten personenbezogene Daten des Kunden im Rahmen der gesetzlichen Bestimmungen, insbesondere der Datenschutz-Grundverordnung (DSGVO) und des Bundesdatenschutzgesetzes (BDSG).<br \/>\n(7.2) Die Erhebung, Verarbeitung und Nutzung personenbezogener Daten erfolgt zum Zwecke der Vertragsabwicklung und zur Bearbeitung von Anfragen des Kunden. Eine Weitergabe der Daten an Dritte erfolgt nur, soweit dies f\u00fcr die Vertragsabwicklung erforderlich ist oder wir<br \/>\ngesetzlich dazu verpflichtet sind.<br \/>\n(7.3) Der Kunde hat jederzeit das Recht auf Auskunft \u00fcber die zu seiner Person gespeicherten Daten, deren Herkunft, Empf\u00e4nger oder Kategorien von Empf\u00e4ngern, an die diese Daten weitergegeben werden, sowie den Zweck der Speicherung. Weiterhin hat der Kunde das Recht auf Berichtigung, L\u00f6schung oder Einschr\u00e4nkung der Verarbeitung seiner personenbezogenen Daten, soweit gesetzliche Voraussetzungen hierf\u00fcr vorliegen.<br \/>\n(7.4) Weitere Informationen zum Datenschutz finden Sie in der Datenschutzerkl\u00e4rung von uns, die auf der Website auf isosin.de abrufbar ist.<\/p>\n<p><strong>8 Schlussbestimmungen<\/strong><br \/>\n(8.1) Es gilt das Recht der Bundesrepublik Deutschland. Bei Verbrauchern, die den Vertrag nicht zu beruflichen oder gewerblichen Zwecken abschlie\u00dfen, gilt diese Rechtswahl nur insoweit, als der gew\u00e4hrte Schutz nicht durch zwingende Bestimmungen des Rechts des<br \/>\nStaates, in dem der Verbraucher seinen gew\u00f6hnlichen Aufenthalt hat, entzogen wird. Die Bestimmungen des UN-Kaufrechts finden keine Anwendung.<br \/>\n(8.2) Sofern der Kunde Kaufmann, juristische Person des \u00f6ffentlichen Rechts oder \u00f6ffentlich- rechtliches Sonderverm\u00f6gen ist, ist Gerichtsstand f\u00fcr alle Streitigkeiten aus dem Vertragsverh\u00e4ltnis der Sitz von ISOSIN GmbH K\u00fchlhaus Hallen &amp; Ladenbau. Gleiches gilt, wenn der Kunde keinen allgemeinen Gerichtsstand in Deutschland hat oder Wohnsitz oder gew\u00f6hnlicher Aufenthalt im Zeitpunkt der Klageerhebung nicht bekannt sind.<br \/>\n(8.3) Sollten einzelne Bestimmungen dieser AGB ganz oder teilweise unwirksam sein oder werden, so wird dadurch die Wirksamkeit der \u00fcbrigen Bestimmungen nicht ber\u00fchrt.<\/p>\n<p><strong>10 Salvatorische Klausel<\/strong><br \/>\n(10.1) Sollte eine Bestimmung dieser Allgemeinen Gesch\u00e4ftsbedingungen unwirksam oder undurchsetzbar sein oder werden, so bleibt die G\u00fcltigkeit der \u00fcbrigen Bestimmungen hiervon unber\u00fchrt. Anstelle der unwirksamen oder undurchsetzbaren Bestimmung gilt eine solche<br \/>\nwirksame und durchsetzbare Bestimmung als vereinbart, die dem wirtschaftlichen Zweck der unwirksamen oder undurchsetzbaren Bestimmung am n\u00e4chsten kommt.<br \/>\n(10.2) Das gleiche gilt f\u00fcr den Fall, dass sich die Allgemeinen Gesch\u00e4ftsbedingungen als<br \/>\nl\u00fcckenhaft erweisen. Die Vertragsparteien verpflichten sich, die unwirksame, undurchsetzbare<br \/>\noder l\u00fcckenhafte Bestimmung durch eine wirksame und durchsetzbare Bestimmung zu<br \/>\nersetzen, die dem wirtschaftlichen Zweck der gewollten Regelung am n\u00e4chsten kommt.<\/p>\n<p><strong>11 \u00c4nderungen der Allgemeinen Gesch\u00e4ftsbedingungen<\/strong><br \/>\n(11.1) Wir behalten uns das Recht vor, diese Allgemeinen Gesch\u00e4ftsbedingungen jederzeit und ohne Angabe von Gr\u00fcnden zu \u00e4ndern. Die ge\u00e4nderten Bedingungen werden dem Kunden sp\u00e4testens zwei Wochen vor ihrem Inkrafttreten per E-Mail zugesandt.<br \/>\n(11.2) Widerspricht der Kunde der Geltung der neuen Allgemeinen Gesch\u00e4ftsbedingungen nicht innerhalb von zwei Wochen nach Empfang der E-Mail, gelten die ge\u00e4nderten Allgemeinen Gesch\u00e4ftsbedingungen als angenommen.<br \/>\n(11.3) Wir werden den Kunden in der E-Mail, die die ge\u00e4nderten Bedingungen enth\u00e4lt, auf die Bedeutung der Zwei-Wochen-Frist, das Widerspruchsrecht und die Rechtsfolgen des Schweigens gesondert hinweisen.<\/p>\n<p><strong>12 Sprache<\/strong><br \/>\n(12.1) Die Vertragssprache ist Deutsch. Sollten die Allgemeinen Gesch\u00e4ftsbedingungen oder sonstige vertragliche Regelungen in einer anderen Sprache bereitgestellt werden, dient dies allein der Information des Kunden. Im Falle von Unstimmigkeiten oder Widerspr\u00fcchen ist die deutsche Fassung ma\u00dfgeblich.<\/p>\n<p><strong>13 Online-Streitbeilegung<\/strong><br \/>\n(13.1) Die Europ\u00e4ische Kommission stellt eine Plattform zur Online-Streitbeilegung (OS) bereit, die Sie unter http:\/\/ec.europa.eu\/consumers\/odr\/ finden. Verbraucher haben die M\u00f6glichkeit, diese Plattform f\u00fcr die Beilegung ihrer Streitigkeiten aus Online-Kaufvertr\u00e4gen oder Online-Dienstleistungsvertr\u00e4gen zu nutzen.<\/p>\n<p>(13.2) Wir sind zur Teilnahme an einem Streitbeilegungsverfahren vor einer Verbraucherschlichtungsstelle weder verpflichtet noch bereit.<\/p>\n<p><strong>14 Anwendbares Recht und Gerichtsstand<\/strong><br \/>\n(14.1) F\u00fcr diese Allgemeinen Gesch\u00e4ftsbedingungen und die Vertragsbeziehung zwischen ISOSIN GmbH K\u00fchlhaus Hallen &amp; Ladenbau und dem Kunden gilt das Recht der Bundesrepublik Deutschland unter Ausschluss des UN-Kaufrechts (CISG).<\/p>\n<p>(14.2) Ist der Kunde Kaufmann, juristische Person des \u00f6ffentlichen Rechts oder \u00f6ffentlich-rechtliches Sonderverm\u00f6gen, so ist ausschlie\u00dflicher Gerichtsstand f\u00fcr alle Streitigkeiten aus diesem Vertrag der Gesch\u00e4ftssitz von ISOSIN GmbH K\u00fchlhaus Hallen &amp; Ladenbau. Dasselbe gilt, wenn der Kunde keinen allgemeinen Gerichtsstand in Deutschland hat oder Wohnsitz oder gew\u00f6hnlicher Aufenthalt im Zeitpunkt der Klageerhebung nicht bekannt sind. Die Befugnis, auch das Gericht an einem anderen gesetzlichen Gerichtsstand anzurufen, bleibt hiervon unber\u00fchrt.<\/p>\n<p><strong>15 Schlussbestimmungen<\/strong><br \/>\n(15.1) Nebenabreden, \u00c4nderungen und Erg\u00e4nzungen dieses Vertrages bed\u00fcrfen zu ihrer Wirksamkeit der Schriftform. Dies gilt auch f\u00fcr die Aufhebung des Schriftformerfordernisses.<br \/>\n(15.2) Sollten einzelne Bestimmungen dieses Vertrages unwirksam oder undurchf\u00fchrbar sein oder nach Vertragsabschluss unwirksam oder undurchf\u00fchrbar werden, so wird dadurch die Wirksamkeit des Vertrages im \u00dcbrigen nicht ber\u00fchrt. An die Stelle der unwirksamen oder undurchf\u00fchrbaren Bestimmung tritt die gesetzliche Regelung.<\/p>\n<p><strong>*** Ende der Allgemeinen Gesch\u00e4ftsbedingungen ***<\/strong><\/p>","protected":false},"excerpt":{"rendered":"<p>Allgemeine Gesch\u00e4ftsbedingungen (AGB) f\u00fcr ISOSIN GmbH K\u00fchlhaus, Hallen &amp; Ladenbau 1 Allgemeines, Geltungsbereich (1) Diese Allgemeinen Gesch\u00e4ftsbedingungen (im Folgenden \u201cAGB\u201d) gelten f\u00fcr alle Vertr\u00e4ge, Lieferungen und sonstigen Leistungen der Firma ISOSIN GmbH K\u00fchlhaus Hallen &amp; Ladenbau\u201d oder \u201cwir\u201d) gegen\u00fcber ihren Kunden (im Folgenden \u201cKunde\u201d oder \u201cSie\u201d) im Zusammenhang mit dem Online-Shop Isosin.de. Abweichende oder erg\u00e4nzende &#8230; <a title=\"Allgemeine Gesch\u00e4ftsbedingungen\" class=\"read-more\" href=\"https:\/\/isosin.de\/en\/agb\/\" aria-label=\"Read more about Allgemeine Gesch\u00e4ftsbedingungen\">Read more<\/a><\/p>","protected":false},"author":1,"featured_media":0,"parent":0,"menu_order":0,"comment_status":"closed","ping_status":"closed","template":"","meta":{"footnotes":""},"class_list":["post-2193","page","type-page","status-publish"],"yoast_head":"<!-- This site is optimized with the Yoast SEO plugin v27.5 - https:\/\/yoast.com\/product\/yoast-seo-wordpress\/ -->\n<title>Allgemeine Gesch\u00e4ftsbedingungen - ISOSIN<\/title>\n<meta name=\"robots\" content=\"noindex, nofollow\" \/>\n<meta property=\"og:locale\" content=\"en_GB\" \/>\n<meta property=\"og:type\" content=\"article\" \/>\n<meta property=\"og:title\" content=\"Allgemeine Gesch\u00e4ftsbedingungen - ISOSIN\" \/>\n<meta property=\"og:description\" content=\"Allgemeine Gesch\u00e4ftsbedingungen (AGB) f\u00fcr ISOSIN GmbH K\u00fchlhaus, Hallen &amp; Ladenbau 1 Allgemeines, Geltungsbereich (1) Diese Allgemeinen Gesch\u00e4ftsbedingungen (im Folgenden \u201cAGB\u201d) gelten f\u00fcr alle Vertr\u00e4ge, Lieferungen und sonstigen Leistungen der Firma ISOSIN GmbH K\u00fchlhaus Hallen &amp; Ladenbau\u201d oder \u201cwir\u201d) gegen\u00fcber ihren Kunden (im Folgenden \u201cKunde\u201d oder \u201cSie\u201d) im Zusammenhang mit dem Online-Shop Isosin.de. Abweichende oder erg\u00e4nzende ... Read more\" \/>\n<meta property=\"og:url\" content=\"https:\/\/isosin.de\/en\/agb\/\" \/>\n<meta property=\"og:site_name\" content=\"ISOSIN\" \/>\n<meta property=\"article:modified_time\" content=\"2025-01-24T11:25:27+00:00\" \/>\n<meta name=\"twitter:card\" content=\"summary_large_image\" \/>\n<meta name=\"twitter:label1\" content=\"Estimated reading time\" \/>\n\t<meta name=\"twitter:data1\" content=\"9 minutes\" \/>\n<script type=\"application\/ld+json\" class=\"yoast-schema-graph\">{\"@context\":\"https:\\\/\\\/schema.org\",\"@graph\":[{\"@type\":\"WebPage\",\"@id\":\"https:\\\/\\\/isosin.de\\\/agb\\\/\",\"url\":\"https:\\\/\\\/isosin.de\\\/agb\\\/\",\"name\":\"Allgemeine Gesch\u00e4ftsbedingungen - ISOSIN\",\"isPartOf\":{\"@id\":\"https:\\\/\\\/isosin.de\\\/#website\"},\"datePublished\":\"2023-09-13T20:06:01+00:00\",\"dateModified\":\"2025-01-24T11:25:27+00:00\",\"breadcrumb\":{\"@id\":\"https:\\\/\\\/isosin.de\\\/agb\\\/#breadcrumb\"},\"inLanguage\":\"en-GB\",\"potentialAction\":[{\"@type\":\"ReadAction\",\"target\":[\"https:\\\/\\\/isosin.de\\\/agb\\\/\"]}]},{\"@type\":\"BreadcrumbList\",\"@id\":\"https:\\\/\\\/isosin.de\\\/agb\\\/#breadcrumb\",\"itemListElement\":[{\"@type\":\"ListItem\",\"position\":1,\"name\":\"Startseite\",\"item\":\"https:\\\/\\\/isosin.de\\\/\"},{\"@type\":\"ListItem\",\"position\":2,\"name\":\"Allgemeine Gesch\u00e4ftsbedingungen\"}]},{\"@type\":\"WebSite\",\"@id\":\"https:\\\/\\\/isosin.de\\\/#website\",\"url\":\"https:\\\/\\\/isosin.de\\\/\",\"name\":\"ISOSIN\",\"description\":\"\",\"publisher\":{\"@id\":\"https:\\\/\\\/isosin.de\\\/#organization\"},\"potentialAction\":[{\"@type\":\"SearchAction\",\"target\":{\"@type\":\"EntryPoint\",\"urlTemplate\":\"https:\\\/\\\/isosin.de\\\/?s={search_term_string}\"},\"query-input\":{\"@type\":\"PropertyValueSpecification\",\"valueRequired\":true,\"valueName\":\"search_term_string\"}}],\"inLanguage\":\"en-GB\"},{\"@type\":\"Organization\",\"@id\":\"https:\\\/\\\/isosin.de\\\/#organization\",\"name\":\"ISOSIN\",\"url\":\"https:\\\/\\\/isosin.de\\\/\",\"logo\":{\"@type\":\"ImageObject\",\"inLanguage\":\"en-GB\",\"@id\":\"https:\\\/\\\/isosin.de\\\/#\\\/schema\\\/logo\\\/image\\\/\",\"url\":\"https:\\\/\\\/isosin.de\\\/wp-content\\\/uploads\\\/2022\\\/03\\\/isosin-logo_1.webp\",\"contentUrl\":\"https:\\\/\\\/isosin.de\\\/wp-content\\\/uploads\\\/2022\\\/03\\\/isosin-logo_1.webp\",\"width\":368,\"height\":56,\"caption\":\"ISOSIN\"},\"image\":{\"@id\":\"https:\\\/\\\/isosin.de\\\/#\\\/schema\\\/logo\\\/image\\\/\"}}]}<\/script>\n<!-- \/ Yoast SEO plugin. -->","yoast_head_json":{"title":"Allgemeine Gesch\u00e4ftsbedingungen - ISOSIN","robots":{"index":"noindex","follow":"nofollow"},"og_locale":"en_GB","og_type":"article","og_title":"Allgemeine Gesch\u00e4ftsbedingungen - ISOSIN","og_description":"Allgemeine Gesch\u00e4ftsbedingungen (AGB) f\u00fcr ISOSIN GmbH K\u00fchlhaus, Hallen &amp; Ladenbau 1 Allgemeines, Geltungsbereich (1) Diese Allgemeinen Gesch\u00e4ftsbedingungen (im Folgenden \u201cAGB\u201d) gelten f\u00fcr alle Vertr\u00e4ge, Lieferungen und sonstigen Leistungen der Firma ISOSIN GmbH K\u00fchlhaus Hallen &amp; Ladenbau\u201d oder \u201cwir\u201d) gegen\u00fcber ihren Kunden (im Folgenden \u201cKunde\u201d oder \u201cSie\u201d) im Zusammenhang mit dem Online-Shop Isosin.de. Abweichende oder erg\u00e4nzende ... Read more","og_url":"https:\/\/isosin.de\/en\/agb\/","og_site_name":"ISOSIN","article_modified_time":"2025-01-24T11:25:27+00:00","twitter_card":"summary_large_image","twitter_misc":{"Estimated reading time":"9 minutes"},"schema":{"@context":"https:\/\/schema.org","@graph":[{"@type":"WebPage","@id":"https:\/\/isosin.de\/agb\/","url":"https:\/\/isosin.de\/agb\/","name":"Allgemeine Gesch\u00e4ftsbedingungen - ISOSIN","isPartOf":{"@id":"https:\/\/isosin.de\/#website"},"datePublished":"2023-09-13T20:06:01+00:00","dateModified":"2025-01-24T11:25:27+00:00","breadcrumb":{"@id":"https:\/\/isosin.de\/agb\/#breadcrumb"},"inLanguage":"en-GB","potentialAction":[{"@type":"ReadAction","target":["https:\/\/isosin.de\/agb\/"]}]},{"@type":"BreadcrumbList","@id":"https:\/\/isosin.de\/agb\/#breadcrumb","itemListElement":[{"@type":"ListItem","position":1,"name":"Startseite","item":"https:\/\/isosin.de\/"},{"@type":"ListItem","position":2,"name":"Allgemeine Gesch\u00e4ftsbedingungen"}]},{"@type":"WebSite","@id":"https:\/\/isosin.de\/#website","url":"https:\/\/isosin.de\/","name":"ISOSIN","description":"","publisher":{"@id":"https:\/\/isosin.de\/#organization"},"potentialAction":[{"@type":"SearchAction","target":{"@type":"EntryPoint","urlTemplate":"https:\/\/isosin.de\/?s={search_term_string}"},"query-input":{"@type":"PropertyValueSpecification","valueRequired":true,"valueName":"search_term_string"}}],"inLanguage":"en-GB"},{"@type":"Organization","@id":"https:\/\/isosin.de\/#organization","name":"ISOSIN","url":"https:\/\/isosin.de\/","logo":{"@type":"ImageObject","inLanguage":"en-GB","@id":"https:\/\/isosin.de\/#\/schema\/logo\/image\/","url":"https:\/\/isosin.de\/wp-content\/uploads\/2022\/03\/isosin-logo_1.webp","contentUrl":"https:\/\/isosin.de\/wp-content\/uploads\/2022\/03\/isosin-logo_1.webp","width":368,"height":56,"caption":"ISOSIN"},"image":{"@id":"https:\/\/isosin.de\/#\/schema\/logo\/image\/"}}]}},"_links":{"self":[{"href":"https:\/\/isosin.de\/en\/wp-json\/wp\/v2\/pages\/2193","targetHints":{"allow":["GET"]}}],"collection":[{"href":"https:\/\/isosin.de\/en\/wp-json\/wp\/v2\/pages"}],"about":[{"href":"https:\/\/isosin.de\/en\/wp-json\/wp\/v2\/types\/page"}],"author":[{"embeddable":true,"href":"https:\/\/isosin.de\/en\/wp-json\/wp\/v2\/users\/1"}],"replies":[{"embeddable":true,"href":"https:\/\/isosin.de\/en\/wp-json\/wp\/v2\/comments?post=2193"}],"version-history":[{"count":4,"href":"https:\/\/isosin.de\/en\/wp-json\/wp\/v2\/pages\/2193\/revisions"}],"predecessor-version":[{"id":2824,"href":"https:\/\/isosin.de\/en\/wp-json\/wp\/v2\/pages\/2193\/revisions\/2824"}],"wp:attachment":[{"href":"https:\/\/isosin.de\/en\/wp-json\/wp\/v2\/media?parent=2193"}],"curies":[{"name":"wp","href":"https:\/\/api.w.org\/{rel}","templated":true}]}}