{"id":553,"date":"2022-03-24T08:39:57","date_gmt":"2022-03-24T07:39:57","guid":{"rendered":"https:\/\/isosin.de\/?page_id=553"},"modified":"2022-03-31T12:11:27","modified_gmt":"2022-03-31T10:11:27","slug":"neue-internetpraesenz","status":"publish","type":"page","link":"https:\/\/isosin.de\/en\/neue-internetpraesenz\/","title":{"rendered":"Neue Internetpr\u00e4senz"},"content":{"rendered":"<div data-elementor-type=\"wp-page\" data-elementor-id=\"553\" class=\"elementor elementor-553\" data-elementor-post-type=\"page\">\n\t\t\t\t\t\t<section class=\"elementor-section elementor-top-section elementor-element elementor-element-11eac4f2 elementor-section-stretched elementor-section-boxed elementor-section-height-default elementor-section-height-default\" data-id=\"11eac4f2\" data-element_type=\"section\" data-e-type=\"section\" data-settings=\"{&quot;stretch_section&quot;:&quot;section-stretched&quot;,&quot;background_background&quot;:&quot;classic&quot;,&quot;animation&quot;:&quot;none&quot;}\">\n\t\t\t\t\t\t\t<div class=\"elementor-background-overlay\"><\/div>\n\t\t\t\t\t\t\t<div class=\"elementor-container elementor-column-gap-default\">\n\t\t\t\t\t<div class=\"elementor-column elementor-col-100 elementor-top-column elementor-element elementor-element-259647e1\" data-id=\"259647e1\" data-element_type=\"column\" data-e-type=\"column\" data-settings=\"{&quot;background_background&quot;:&quot;classic&quot;}\">\n\t\t\t<div class=\"elementor-widget-wrap elementor-element-populated\">\n\t\t\t\t\t\t<div class=\"elementor-element elementor-element-2da84c4a elementor-widget elementor-widget-heading\" data-id=\"2da84c4a\" data-element_type=\"widget\" data-e-type=\"widget\" data-widget_type=\"heading.default\">\n\t\t\t\t<div class=\"elementor-widget-container\">\n\t\t\t\t\t<h1 class=\"elementor-heading-title elementor-size-default\">Unsere neue Internetpr\u00e4senz wird bald verf\u00fcgbar sein!<\/h1>\t\t\t\t<\/div>\n\t\t\t\t<\/div>\n\t\t\t\t<section class=\"elementor-section elementor-inner-section elementor-element elementor-element-5a401eb5 elementor-section-boxed elementor-section-height-default elementor-section-height-default\" data-id=\"5a401eb5\" data-element_type=\"section\" data-e-type=\"section\">\n\t\t\t\t\t\t<div class=\"elementor-container elementor-column-gap-default\">\n\t\t\t\t\t<div class=\"elementor-column elementor-col-50 elementor-inner-column elementor-element elementor-element-209395b6\" data-id=\"209395b6\" data-element_type=\"column\" data-e-type=\"column\">\n\t\t\t<div class=\"elementor-widget-wrap elementor-element-populated\">\n\t\t\t\t\t\t<div class=\"elementor-element elementor-element-b71109d elementor-widget elementor-widget-text-editor\" data-id=\"b71109d\" data-element_type=\"widget\" data-e-type=\"widget\" data-widget_type=\"text-editor.default\">\n\t\t\t\t<div class=\"elementor-widget-container\">\n\t\t\t\t\t\t\t\t\t<p>Liebe Besucherinnen, liebe Besucher &amp; liebe Kunden,<\/p><p>es wurde Zeit f\u00fcr eine Ver\u00e4nderung. Damit Sie unsere Leistungen \u00fcbersichtlicher \u00fcber das Internet abrufen und viel einfacher mit uns in Kontakt treten k\u00f6nnen, \u00fcberarbeiten wir unsere Internetpr\u00e4senz.\u00a0\u00a0<\/p><p><strong><span style=\"text-decoration: underline;\">Dennoch sind wir f\u00fcr Sie erreichbar und im Einsatz!<\/span><\/strong><\/p>\t\t\t\t\t\t\t\t<\/div>\n\t\t\t\t<\/div>\n\t\t\t\t\t<\/div>\n\t\t<\/div>\n\t\t\t\t<div class=\"elementor-column elementor-col-50 elementor-inner-column elementor-element elementor-element-66085e6\" data-id=\"66085e6\" data-element_type=\"column\" data-e-type=\"column\" data-settings=\"{&quot;background_background&quot;:&quot;classic&quot;}\">\n\t\t\t<div class=\"elementor-widget-wrap elementor-element-populated\">\n\t\t\t\t\t\t<div class=\"elementor-element elementor-element-041a93d elementor-widget elementor-widget-text-editor\" data-id=\"041a93d\" data-element_type=\"widget\" data-e-type=\"widget\" data-widget_type=\"text-editor.default\">\n\t\t\t\t<div class=\"elementor-widget-container\">\n\t\t\t\t\t\t\t\t\t<p><strong>Sie erreichen uns in der Zwischenzeit unter den folgenden Kontaktdaten:\u00a0<\/strong><\/p><p><strong>ISOSIN K\u00fchlsysteme<\/strong><br \/><strong>Alleestr. 4<\/strong><br \/><strong>46049 Oberhausen<br \/>Tel: 0208 46711826<br \/>Mobile: 01577 3409970<br \/>E-Mail: info@isosin.de<\/strong><\/p>\t\t\t\t\t\t\t\t<\/div>\n\t\t\t\t<\/div>\n\t\t\t\t\t<\/div>\n\t\t<\/div>\n\t\t\t\t\t<\/div>\n\t\t<\/section>\n\t\t\t\t\t<\/div>\n\t\t<\/div>\n\t\t\t\t\t<\/div>\n\t\t<\/section>\n\t\t\t\t<\/div>","protected":false},"excerpt":{"rendered":"<p>Unsere neue Internetpr\u00e4senz wird bald verf\u00fcgbar sein! Liebe Besucherinnen, liebe Besucher &amp; liebe Kunden, es wurde Zeit f\u00fcr eine Ver\u00e4nderung. Damit Sie unsere Leistungen \u00fcbersichtlicher \u00fcber das Internet abrufen und viel einfacher mit uns in Kontakt treten k\u00f6nnen, \u00fcberarbeiten wir unsere Internetpr\u00e4senz.\u00a0\u00a0 Dennoch sind wir f\u00fcr Sie erreichbar und im Einsatz! Sie erreichen uns in &#8230; <a title=\"Neue Internetpr\u00e4senz\" class=\"read-more\" href=\"https:\/\/isosin.de\/en\/neue-internetpraesenz\/\" aria-label=\"Read more about Neue Internetpr\u00e4senz\">Read more<\/a><\/p>","protected":false},"author":1,"featured_media":0,"parent":0,"menu_order":0,"comment_status":"closed","ping_status":"closed","template":"elementor_header_footer","meta":{"footnotes":""},"class_list":["post-553","page","type-page","status-publish"],"yoast_head":"<!-- This site is optimized with the Yoast SEO plugin v27.4 - https:\/\/yoast.com\/product\/yoast-seo-wordpress\/ -->\n<title>Neue Internetpr\u00e4senz - ISOSIN<\/title>\n<meta name=\"robots\" content=\"index, follow, max-snippet:-1, max-image-preview:large, max-video-preview:-1\" \/>\n<link rel=\"canonical\" href=\"https:\/\/isosin.de\/en\/neue-internetpraesenz\/\" \/>\n<meta property=\"og:locale\" content=\"en_GB\" \/>\n<meta property=\"og:type\" content=\"article\" \/>\n<meta property=\"og:title\" content=\"Neue Internetpr\u00e4senz - ISOSIN\" \/>\n<meta property=\"og:description\" content=\"Unsere neue Internetpr\u00e4senz wird bald verf\u00fcgbar sein! Liebe Besucherinnen, liebe Besucher &amp; liebe Kunden, es wurde Zeit f\u00fcr eine Ver\u00e4nderung. Damit Sie unsere Leistungen \u00fcbersichtlicher \u00fcber das Internet abrufen und viel einfacher mit uns in Kontakt treten k\u00f6nnen, \u00fcberarbeiten wir unsere Internetpr\u00e4senz.\u00a0\u00a0 Dennoch sind wir f\u00fcr Sie erreichbar und im Einsatz! Sie erreichen uns in ... Read more\" \/>\n<meta property=\"og:url\" content=\"https:\/\/isosin.de\/en\/neue-internetpraesenz\/\" \/>\n<meta property=\"og:site_name\" content=\"ISOSIN\" \/>\n<meta property=\"article:modified_time\" content=\"2022-03-31T10:11:27+00:00\" \/>\n<meta name=\"twitter:card\" content=\"summary_large_image\" \/>\n<meta name=\"twitter:label1\" content=\"Estimated reading time\" \/>\n\t<meta name=\"twitter:data1\" content=\"1 minute\" \/>\n<script type=\"application\/ld+json\" class=\"yoast-schema-graph\">{\"@context\":\"https:\\\/\\\/schema.org\",\"@graph\":[{\"@type\":\"WebPage\",\"@id\":\"https:\\\/\\\/isosin.de\\\/neue-internetpraesenz\\\/\",\"url\":\"https:\\\/\\\/isosin.de\\\/neue-internetpraesenz\\\/\",\"name\":\"Neue Internetpr\u00e4senz - ISOSIN\",\"isPartOf\":{\"@id\":\"https:\\\/\\\/isosin.de\\\/#website\"},\"datePublished\":\"2022-03-24T07:39:57+00:00\",\"dateModified\":\"2022-03-31T10:11:27+00:00\",\"breadcrumb\":{\"@id\":\"https:\\\/\\\/isosin.de\\\/neue-internetpraesenz\\\/#breadcrumb\"},\"inLanguage\":\"en-GB\",\"potentialAction\":[{\"@type\":\"ReadAction\",\"target\":[\"https:\\\/\\\/isosin.de\\\/neue-internetpraesenz\\\/\"]}]},{\"@type\":\"BreadcrumbList\",\"@id\":\"https:\\\/\\\/isosin.de\\\/neue-internetpraesenz\\\/#breadcrumb\",\"itemListElement\":[{\"@type\":\"ListItem\",\"position\":1,\"name\":\"Startseite\",\"item\":\"https:\\\/\\\/isosin.de\\\/\"},{\"@type\":\"ListItem\",\"position\":2,\"name\":\"Neue Internetpr\u00e4senz\"}]},{\"@type\":\"WebSite\",\"@id\":\"https:\\\/\\\/isosin.de\\\/#website\",\"url\":\"https:\\\/\\\/isosin.de\\\/\",\"name\":\"ISOSIN\",\"description\":\"\",\"publisher\":{\"@id\":\"https:\\\/\\\/isosin.de\\\/#organization\"},\"potentialAction\":[{\"@type\":\"SearchAction\",\"target\":{\"@type\":\"EntryPoint\",\"urlTemplate\":\"https:\\\/\\\/isosin.de\\\/?s={search_term_string}\"},\"query-input\":{\"@type\":\"PropertyValueSpecification\",\"valueRequired\":true,\"valueName\":\"search_term_string\"}}],\"inLanguage\":\"en-GB\"},{\"@type\":\"Organization\",\"@id\":\"https:\\\/\\\/isosin.de\\\/#organization\",\"name\":\"ISOSIN\",\"url\":\"https:\\\/\\\/isosin.de\\\/\",\"logo\":{\"@type\":\"ImageObject\",\"inLanguage\":\"en-GB\",\"@id\":\"https:\\\/\\\/isosin.de\\\/#\\\/schema\\\/logo\\\/image\\\/\",\"url\":\"https:\\\/\\\/isosin.de\\\/wp-content\\\/uploads\\\/2022\\\/03\\\/isosin-logo_1.webp\",\"contentUrl\":\"https:\\\/\\\/isosin.de\\\/wp-content\\\/uploads\\\/2022\\\/03\\\/isosin-logo_1.webp\",\"width\":368,\"height\":56,\"caption\":\"ISOSIN\"},\"image\":{\"@id\":\"https:\\\/\\\/isosin.de\\\/#\\\/schema\\\/logo\\\/image\\\/\"}}]}<\/script>\n<!-- \/ Yoast SEO plugin. -->","yoast_head_json":{"title":"Neue Internetpr\u00e4senz - ISOSIN","robots":{"index":"index","follow":"follow","max-snippet":"max-snippet:-1","max-image-preview":"max-image-preview:large","max-video-preview":"max-video-preview:-1"},"canonical":"https:\/\/isosin.de\/en\/neue-internetpraesenz\/","og_locale":"en_GB","og_type":"article","og_title":"Neue Internetpr\u00e4senz - ISOSIN","og_description":"Unsere neue Internetpr\u00e4senz wird bald verf\u00fcgbar sein! Liebe Besucherinnen, liebe Besucher &amp; liebe Kunden, es wurde Zeit f\u00fcr eine Ver\u00e4nderung. Damit Sie unsere Leistungen \u00fcbersichtlicher \u00fcber das Internet abrufen und viel einfacher mit uns in Kontakt treten k\u00f6nnen, \u00fcberarbeiten wir unsere Internetpr\u00e4senz.\u00a0\u00a0 Dennoch sind wir f\u00fcr Sie erreichbar und im Einsatz! Sie erreichen uns in ... Read more","og_url":"https:\/\/isosin.de\/en\/neue-internetpraesenz\/","og_site_name":"ISOSIN","article_modified_time":"2022-03-31T10:11:27+00:00","twitter_card":"summary_large_image","twitter_misc":{"Estimated reading time":"1 minute"},"schema":{"@context":"https:\/\/schema.org","@graph":[{"@type":"WebPage","@id":"https:\/\/isosin.de\/neue-internetpraesenz\/","url":"https:\/\/isosin.de\/neue-internetpraesenz\/","name":"Neue Internetpr\u00e4senz - ISOSIN","isPartOf":{"@id":"https:\/\/isosin.de\/#website"},"datePublished":"2022-03-24T07:39:57+00:00","dateModified":"2022-03-31T10:11:27+00:00","breadcrumb":{"@id":"https:\/\/isosin.de\/neue-internetpraesenz\/#breadcrumb"},"inLanguage":"en-GB","potentialAction":[{"@type":"ReadAction","target":["https:\/\/isosin.de\/neue-internetpraesenz\/"]}]},{"@type":"BreadcrumbList","@id":"https:\/\/isosin.de\/neue-internetpraesenz\/#breadcrumb","itemListElement":[{"@type":"ListItem","position":1,"name":"Startseite","item":"https:\/\/isosin.de\/"},{"@type":"ListItem","position":2,"name":"Neue Internetpr\u00e4senz"}]},{"@type":"WebSite","@id":"https:\/\/isosin.de\/#website","url":"https:\/\/isosin.de\/","name":"ISOSIN","description":"","publisher":{"@id":"https:\/\/isosin.de\/#organization"},"potentialAction":[{"@type":"SearchAction","target":{"@type":"EntryPoint","urlTemplate":"https:\/\/isosin.de\/?s={search_term_string}"},"query-input":{"@type":"PropertyValueSpecification","valueRequired":true,"valueName":"search_term_string"}}],"inLanguage":"en-GB"},{"@type":"Organization","@id":"https:\/\/isosin.de\/#organization","name":"ISOSIN","url":"https:\/\/isosin.de\/","logo":{"@type":"ImageObject","inLanguage":"en-GB","@id":"https:\/\/isosin.de\/#\/schema\/logo\/image\/","url":"https:\/\/isosin.de\/wp-content\/uploads\/2022\/03\/isosin-logo_1.webp","contentUrl":"https:\/\/isosin.de\/wp-content\/uploads\/2022\/03\/isosin-logo_1.webp","width":368,"height":56,"caption":"ISOSIN"},"image":{"@id":"https:\/\/isosin.de\/#\/schema\/logo\/image\/"}}]}},"_links":{"self":[{"href":"https:\/\/isosin.de\/en\/wp-json\/wp\/v2\/pages\/553","targetHints":{"allow":["GET"]}}],"collection":[{"href":"https:\/\/isosin.de\/en\/wp-json\/wp\/v2\/pages"}],"about":[{"href":"https:\/\/isosin.de\/en\/wp-json\/wp\/v2\/types\/page"}],"author":[{"embeddable":true,"href":"https:\/\/isosin.de\/en\/wp-json\/wp\/v2\/users\/1"}],"replies":[{"embeddable":true,"href":"https:\/\/isosin.de\/en\/wp-json\/wp\/v2\/comments?post=553"}],"version-history":[{"count":0,"href":"https:\/\/isosin.de\/en\/wp-json\/wp\/v2\/pages\/553\/revisions"}],"wp:attachment":[{"href":"https:\/\/isosin.de\/en\/wp-json\/wp\/v2\/media?parent=553"}],"curies":[{"name":"wp","href":"https:\/\/api.w.org\/{rel}","templated":true}]}}